{"id":2440,"date":"2021-06-27T15:17:34","date_gmt":"2021-06-27T13:17:34","guid":{"rendered":"https:\/\/hunfhd.hu\/?page_id=2440"},"modified":"2021-08-11T13:06:56","modified_gmt":"2021-08-11T11:06:56","slug":"minosegi-bizonyitvanyok","status":"publish","type":"page","link":"https:\/\/hunfhd.hu\/de\/minosegi-bizonyitvanyok\/","title":{"rendered":"Sicherung der Qualit\u00e4t"},"content":{"rendered":"<p style=\"text-align: center;\">DIE HUNFHD KFT.<\/p>\n<h3 style=\"text-align: center;\"><strong>Betriebsrichtlinie<\/strong><\/h3>\n<p>&nbsp;<\/p>\n<p>Unser Ziel ist es, die Mission und die Strategie der HUNFHD GmbH umzusetzen, die auf exzellenten Produkten, maximaler Aufmerksamkeit f\u00fcr die Bed\u00fcrfnisse und die Zufriedenheit der Kunden und Klienten und einem Gleichgewicht zwischen den Interessen der Eigent\u00fcmer, der Mitarbeiter und der professionellen Partner basiert. Wir verbinden Tradition mit einer modernen Produktionskultur. Bei der Beschaffung konzentrieren wir uns auf den Vertrieb\/Verkauf moderner Produkte, die den heutigen Anforderungen entsprechen.<\/p>\n<p>Wir verbessern st\u00e4ndig unsere Produkte, unsere Technologie und unser lebensmitteltechnologisches Wissen.<\/p>\n<p>Unsere operative Politik zielt darauf ab, hervorragende Produkte, Lebensmittelsicherheit, Effizienz, ein kreatives Arbeitsumfeld und eine zuverl\u00e4ssige Lieferkette zu gew\u00e4hrleisten - die Grundlagen unserer mittel- und kurzfristigen Ziele. Die Erreichung unserer Ziele wird durch die Bereitstellung von Ressourcen unterst\u00fctzt, die den Anforderungen der Lebensmittelsicherheit entsprechen und gleichzeitig eine umsichtige Wirtschaftlichkeit ber\u00fccksichtigen.<\/p>\n<p>Im Bereich der Tiefk\u00fchllagerung und -logistik verpflichten wir uns zu h\u00f6chsten Qualit\u00e4tsstandards sowohl f\u00fcr unsere eigenen als auch f\u00fcr unsere Partner. HACCP- und IFS-Systeme werden von unseren Partnern eingef\u00fchrt\/betrieben und regelm\u00e4\u00dfig auditiert. Unsere Lagerh\u00e4user verf\u00fcgen \u00fcber alle erforderlichen beh\u00f6rdlichen Genehmigungen und Zustimmungen.<\/p>\n<p>Um sichere Produkte herzustellen, die den gesetzlichen Vorschriften und den europ\u00e4ischen Normen entsprechen, achten wir besonders auf die Hygiene, das Funktionieren des HACCP-Systems und die internationalen, systemischen Anforderungen an die Lebensmittelsicherheit. Wir ber\u00fccksichtigen auch die Umwelt, die Sicherheit und den Gesundheitsschutz am Arbeitsplatz und die nachhaltige Produktionssicherheit. Wir garantieren unseren Kunden p\u00fcnktliche Lieferung, prompten Service und eine Preispolitik, die auf langfristiger Zusammenarbeit beruht. Das Unternehmen steht in st\u00e4ndigem Kontakt mit allen Gesch\u00e4ftspartnern und Kunden, um die sich \u00e4ndernden Bed\u00fcrfnisse genau zu verfolgen. Informationen \u00fcber ihre Zufriedenheit, Beschwerden und Bed\u00fcrfnisse werden regelm\u00e4\u00dfig erfasst, gemessen und verarbeitet. Diese Ergebnisse werden f\u00fcr weitere Verbesserungen und Optimierungen genutzt.<\/p>\n<p>Unser Ziel: Die Bed\u00fcrfnisse unserer Kunden durch den Vertrieb von sicheren und gleichbleibend hochwertigen Produkten zu erf\u00fcllen und die Sicherheit der Verbraucher zu gew\u00e4hrleisten. Wir handeln gegen\u00fcber unseren Gesch\u00e4ftspartnern stets ethisch.<\/p>\n<p>Kisl\u00e1ng, 20. Juli 2021.<\/p>","protected":false},"excerpt":{"rendered":"<p>A\u00a0\u00a0HUNFHD\u00a0KFT. m\u0171k\u00f6d\u00e9si politik\u00e1ja &nbsp; C\u00e9lunk\u00a0a\u00a0HUNFHD\u00a0Kft. k\u00fcldet\u00e9s\u00e9nek \u00e9s strat\u00e9gi\u00e1j\u00e1nak megval\u00f3s\u00edt\u00e1sa, amely kiv\u00e1l\u00f3 term\u00e9keken, a vev\u0151k \u00e9s megb\u00edz\u00f3k ig\u00e9nyeinek maxim\u00e1lis figyelembev\u00e9tel\u00e9n\u00a0\u00e9s megel\u00e9gedetts\u00e9g\u00e9n alapul.\u00a0Biztos\u00edtjuk\u00a0a tulajdonosok, a munkat\u00e1rsak\u00a0\u00e9s a\u00a0szakmai partneri k\u00f6r \u00e9rdekeinek egyens\u00faly\u00e1t.\u00a0Munk\u00e1nkban\u00a0\u00f6tv\u00f6zz\u00fck\u00a0a hagyom\u00e1nyokat a korszer\u0171 gy\u00e1rt\u00e1si kult\u00far\u00e1val. Beszerz\u00e9seink sor\u00e1n f\u00f3kusz\u00e1lunk a korszer\u0171, mai kor elv\u00e1r\u00e1sainak megfelel\u0151 term\u00e9kek forgalmaz\u00e1s\u00e1ra\/ \u00e9rt\u00e9kes\u00edt\u00e9s\u00e9re. Folyamatosan\u00a0fejlesztj\u00fck term\u00e9keinket,\u00a0technol\u00f3gi\u00e1nkat\u00a0\u00e9s\u00a0\u00e9lelmiszer-technol\u00f3giai ismereteinket. M\u0171k\u00f6d\u00e9s-politik\u00e1nk c\u00e9lja a term\u00e9kek kiv\u00e1l\u00f3s\u00e1g\u00e1nak, az&hellip;<\/p>","protected":false},"author":2,"featured_media":0,"parent":0,"menu_order":0,"comment_status":"closed","ping_status":"closed","template":"","meta":{"footnotes":""},"class_list":["post-2440","page","type-page","status-publish","hentry","description-off"],"yoast_head":"<!-- This site is optimized with the Yoast SEO plugin v27.5 - https:\/\/yoast.com\/product\/yoast-seo-wordpress\/ -->\n<title>Min\u0151s\u00e9gbiztos\u00edt\u00e1s - HUNFHD<\/title>\n<meta name=\"robots\" content=\"index, follow, max-snippet:-1, max-image-preview:large, max-video-preview:-1\" \/>\n<link rel=\"canonical\" href=\"https:\/\/hunfhd.hu\/de\/minosegi-bizonyitvanyok\/\" \/>\n<meta property=\"og:locale\" content=\"de_DE\" \/>\n<meta property=\"og:type\" content=\"article\" \/>\n<meta property=\"og:title\" content=\"Min\u0151s\u00e9gbiztos\u00edt\u00e1s - HUNFHD\" \/>\n<meta property=\"og:description\" content=\"A\u00a0\u00a0HUNFHD\u00a0KFT. m\u0171k\u00f6d\u00e9si politik\u00e1ja &nbsp; C\u00e9lunk\u00a0a\u00a0HUNFHD\u00a0Kft. k\u00fcldet\u00e9s\u00e9nek \u00e9s strat\u00e9gi\u00e1j\u00e1nak megval\u00f3s\u00edt\u00e1sa, amely kiv\u00e1l\u00f3 term\u00e9keken, a vev\u0151k \u00e9s megb\u00edz\u00f3k ig\u00e9nyeinek maxim\u00e1lis figyelembev\u00e9tel\u00e9n\u00a0\u00e9s megel\u00e9gedetts\u00e9g\u00e9n alapul.\u00a0Biztos\u00edtjuk\u00a0a tulajdonosok, a munkat\u00e1rsak\u00a0\u00e9s a\u00a0szakmai partneri k\u00f6r \u00e9rdekeinek egyens\u00faly\u00e1t.\u00a0Munk\u00e1nkban\u00a0\u00f6tv\u00f6zz\u00fck\u00a0a hagyom\u00e1nyokat a korszer\u0171 gy\u00e1rt\u00e1si kult\u00far\u00e1val. Beszerz\u00e9seink sor\u00e1n f\u00f3kusz\u00e1lunk a korszer\u0171, mai kor elv\u00e1r\u00e1sainak megfelel\u0151 term\u00e9kek forgalmaz\u00e1s\u00e1ra\/ \u00e9rt\u00e9kes\u00edt\u00e9s\u00e9re. Folyamatosan\u00a0fejlesztj\u00fck term\u00e9keinket,\u00a0technol\u00f3gi\u00e1nkat\u00a0\u00e9s\u00a0\u00e9lelmiszer-technol\u00f3giai ismereteinket. M\u0171k\u00f6d\u00e9s-politik\u00e1nk c\u00e9lja a term\u00e9kek kiv\u00e1l\u00f3s\u00e1g\u00e1nak, az&hellip;\" \/>\n<meta property=\"og:url\" content=\"https:\/\/hunfhd.hu\/de\/minosegi-bizonyitvanyok\/\" \/>\n<meta property=\"og:site_name\" content=\"HUNFHD\" \/>\n<meta property=\"article:modified_time\" content=\"2021-08-11T11:06:56+00:00\" \/>\n<meta name=\"twitter:card\" content=\"summary_large_image\" \/>\n<meta name=\"twitter:label1\" content=\"Gesch\u00e4tzte Lesezeit\" \/>\n\t<meta name=\"twitter:data1\" content=\"2\u00a0Minuten\" \/>\n<script type=\"application\/ld+json\" class=\"yoast-schema-graph\">{\"@context\":\"https:\\\/\\\/schema.org\",\"@graph\":[{\"@type\":\"WebPage\",\"@id\":\"https:\\\/\\\/hunfhd.hu\\\/minosegi-bizonyitvanyok\\\/\",\"url\":\"https:\\\/\\\/hunfhd.hu\\\/minosegi-bizonyitvanyok\\\/\",\"name\":\"Min\u0151s\u00e9gbiztos\u00edt\u00e1s - HUNFHD\",\"isPartOf\":{\"@id\":\"https:\\\/\\\/hunfhd.hu\\\/#website\"},\"datePublished\":\"2021-06-27T13:17:34+00:00\",\"dateModified\":\"2021-08-11T11:06:56+00:00\",\"breadcrumb\":{\"@id\":\"https:\\\/\\\/hunfhd.hu\\\/minosegi-bizonyitvanyok\\\/#breadcrumb\"},\"inLanguage\":\"de\",\"potentialAction\":[{\"@type\":\"ReadAction\",\"target\":[\"https:\\\/\\\/hunfhd.hu\\\/minosegi-bizonyitvanyok\\\/\"]}]},{\"@type\":\"BreadcrumbList\",\"@id\":\"https:\\\/\\\/hunfhd.hu\\\/minosegi-bizonyitvanyok\\\/#breadcrumb\",\"itemListElement\":[{\"@type\":\"ListItem\",\"position\":1,\"name\":\"Home\",\"item\":\"https:\\\/\\\/hunfhd.hu\\\/\"},{\"@type\":\"ListItem\",\"position\":2,\"name\":\"Min\u0151s\u00e9gbiztos\u00edt\u00e1s\"}]},{\"@type\":\"WebSite\",\"@id\":\"https:\\\/\\\/hunfhd.hu\\\/#website\",\"url\":\"https:\\\/\\\/hunfhd.hu\\\/\",\"name\":\"HUNFHD\",\"description\":\"Bakery\",\"publisher\":{\"@id\":\"https:\\\/\\\/hunfhd.hu\\\/#organization\"},\"potentialAction\":[{\"@type\":\"SearchAction\",\"target\":{\"@type\":\"EntryPoint\",\"urlTemplate\":\"https:\\\/\\\/hunfhd.hu\\\/?s={search_term_string}\"},\"query-input\":{\"@type\":\"PropertyValueSpecification\",\"valueRequired\":true,\"valueName\":\"search_term_string\"}}],\"inLanguage\":\"de\"},{\"@type\":\"Organization\",\"@id\":\"https:\\\/\\\/hunfhd.hu\\\/#organization\",\"name\":\"HUNFHD\",\"url\":\"https:\\\/\\\/hunfhd.hu\\\/\",\"logo\":{\"@type\":\"ImageObject\",\"inLanguage\":\"de\",\"@id\":\"https:\\\/\\\/hunfhd.hu\\\/#\\\/schema\\\/logo\\\/image\\\/\",\"url\":\"https:\\\/\\\/hunfhd.hu\\\/wp-content\\\/uploads\\\/2021\\\/06\\\/HUN_FHD_logo-2.png\",\"contentUrl\":\"https:\\\/\\\/hunfhd.hu\\\/wp-content\\\/uploads\\\/2021\\\/06\\\/HUN_FHD_logo-2.png\",\"width\":124,\"height\":124,\"caption\":\"HUNFHD\"},\"image\":{\"@id\":\"https:\\\/\\\/hunfhd.hu\\\/#\\\/schema\\\/logo\\\/image\\\/\"}}]}<\/script>\n<!-- \/ Yoast SEO plugin. -->","yoast_head_json":{"title":"Min\u0151s\u00e9gbiztos\u00edt\u00e1s - HUNFHD","robots":{"index":"index","follow":"follow","max-snippet":"max-snippet:-1","max-image-preview":"max-image-preview:large","max-video-preview":"max-video-preview:-1"},"canonical":"https:\/\/hunfhd.hu\/de\/minosegi-bizonyitvanyok\/","og_locale":"de_DE","og_type":"article","og_title":"Min\u0151s\u00e9gbiztos\u00edt\u00e1s - HUNFHD","og_description":"A\u00a0\u00a0HUNFHD\u00a0KFT. m\u0171k\u00f6d\u00e9si politik\u00e1ja &nbsp; C\u00e9lunk\u00a0a\u00a0HUNFHD\u00a0Kft. k\u00fcldet\u00e9s\u00e9nek \u00e9s strat\u00e9gi\u00e1j\u00e1nak megval\u00f3s\u00edt\u00e1sa, amely kiv\u00e1l\u00f3 term\u00e9keken, a vev\u0151k \u00e9s megb\u00edz\u00f3k ig\u00e9nyeinek maxim\u00e1lis figyelembev\u00e9tel\u00e9n\u00a0\u00e9s megel\u00e9gedetts\u00e9g\u00e9n alapul.\u00a0Biztos\u00edtjuk\u00a0a tulajdonosok, a munkat\u00e1rsak\u00a0\u00e9s a\u00a0szakmai partneri k\u00f6r \u00e9rdekeinek egyens\u00faly\u00e1t.\u00a0Munk\u00e1nkban\u00a0\u00f6tv\u00f6zz\u00fck\u00a0a hagyom\u00e1nyokat a korszer\u0171 gy\u00e1rt\u00e1si kult\u00far\u00e1val. Beszerz\u00e9seink sor\u00e1n f\u00f3kusz\u00e1lunk a korszer\u0171, mai kor elv\u00e1r\u00e1sainak megfelel\u0151 term\u00e9kek forgalmaz\u00e1s\u00e1ra\/ \u00e9rt\u00e9kes\u00edt\u00e9s\u00e9re. Folyamatosan\u00a0fejlesztj\u00fck term\u00e9keinket,\u00a0technol\u00f3gi\u00e1nkat\u00a0\u00e9s\u00a0\u00e9lelmiszer-technol\u00f3giai ismereteinket. M\u0171k\u00f6d\u00e9s-politik\u00e1nk c\u00e9lja a term\u00e9kek kiv\u00e1l\u00f3s\u00e1g\u00e1nak, az&hellip;","og_url":"https:\/\/hunfhd.hu\/de\/minosegi-bizonyitvanyok\/","og_site_name":"HUNFHD","article_modified_time":"2021-08-11T11:06:56+00:00","twitter_card":"summary_large_image","twitter_misc":{"Gesch\u00e4tzte Lesezeit":"2\u00a0Minuten"},"schema":{"@context":"https:\/\/schema.org","@graph":[{"@type":"WebPage","@id":"https:\/\/hunfhd.hu\/minosegi-bizonyitvanyok\/","url":"https:\/\/hunfhd.hu\/minosegi-bizonyitvanyok\/","name":"Min\u0151s\u00e9gbiztos\u00edt\u00e1s - HUNFHD","isPartOf":{"@id":"https:\/\/hunfhd.hu\/#website"},"datePublished":"2021-06-27T13:17:34+00:00","dateModified":"2021-08-11T11:06:56+00:00","breadcrumb":{"@id":"https:\/\/hunfhd.hu\/minosegi-bizonyitvanyok\/#breadcrumb"},"inLanguage":"de","potentialAction":[{"@type":"ReadAction","target":["https:\/\/hunfhd.hu\/minosegi-bizonyitvanyok\/"]}]},{"@type":"BreadcrumbList","@id":"https:\/\/hunfhd.hu\/minosegi-bizonyitvanyok\/#breadcrumb","itemListElement":[{"@type":"ListItem","position":1,"name":"Home","item":"https:\/\/hunfhd.hu\/"},{"@type":"ListItem","position":2,"name":"Min\u0151s\u00e9gbiztos\u00edt\u00e1s"}]},{"@type":"WebSite","@id":"https:\/\/hunfhd.hu\/#website","url":"https:\/\/hunfhd.hu\/","name":"HUNFHD","description":"B\u00e4ckerei","publisher":{"@id":"https:\/\/hunfhd.hu\/#organization"},"potentialAction":[{"@type":"SearchAction","target":{"@type":"EntryPoint","urlTemplate":"https:\/\/hunfhd.hu\/?s={search_term_string}"},"query-input":{"@type":"PropertyValueSpecification","valueRequired":true,"valueName":"search_term_string"}}],"inLanguage":"de"},{"@type":"Organization","@id":"https:\/\/hunfhd.hu\/#organization","name":"HUNFHD","url":"https:\/\/hunfhd.hu\/","logo":{"@type":"ImageObject","inLanguage":"de","@id":"https:\/\/hunfhd.hu\/#\/schema\/logo\/image\/","url":"https:\/\/hunfhd.hu\/wp-content\/uploads\/2021\/06\/HUN_FHD_logo-2.png","contentUrl":"https:\/\/hunfhd.hu\/wp-content\/uploads\/2021\/06\/HUN_FHD_logo-2.png","width":124,"height":124,"caption":"HUNFHD"},"image":{"@id":"https:\/\/hunfhd.hu\/#\/schema\/logo\/image\/"}}]}},"_links":{"self":[{"href":"https:\/\/hunfhd.hu\/de\/wp-json\/wp\/v2\/pages\/2440","targetHints":{"allow":["GET"]}}],"collection":[{"href":"https:\/\/hunfhd.hu\/de\/wp-json\/wp\/v2\/pages"}],"about":[{"href":"https:\/\/hunfhd.hu\/de\/wp-json\/wp\/v2\/types\/page"}],"author":[{"embeddable":true,"href":"https:\/\/hunfhd.hu\/de\/wp-json\/wp\/v2\/users\/2"}],"replies":[{"embeddable":true,"href":"https:\/\/hunfhd.hu\/de\/wp-json\/wp\/v2\/comments?post=2440"}],"version-history":[{"count":3,"href":"https:\/\/hunfhd.hu\/de\/wp-json\/wp\/v2\/pages\/2440\/revisions"}],"predecessor-version":[{"id":2740,"href":"https:\/\/hunfhd.hu\/de\/wp-json\/wp\/v2\/pages\/2440\/revisions\/2740"}],"wp:attachment":[{"href":"https:\/\/hunfhd.hu\/de\/wp-json\/wp\/v2\/media?parent=2440"}],"curies":[{"name":"wp","href":"https:\/\/api.w.org\/{rel}","templated":true}]}}