{"id":23,"date":"2020-02-15T10:41:42","date_gmt":"2020-02-15T10:41:42","guid":{"rendered":"https:\/\/the7.io\/logistics\/?page_id=23"},"modified":"2021-08-11T13:04:22","modified_gmt":"2021-08-11T11:04:22","slug":"elerhetosegeink","status":"publish","type":"page","link":"https:\/\/hunfhd.hu\/en\/elerhetosegeink\/","title":{"rendered":"Contact us"},"content":{"rendered":"<div data-elementor-type=\"wp-page\" data-elementor-id=\"23\" class=\"elementor elementor-23\" data-elementor-post-type=\"page\">\n\t\t\t\t\t\t<section class=\"elementor-section elementor-top-section elementor-element elementor-element-3c8ff4f3 elementor-section-boxed elementor-section-height-default elementor-section-height-default\" data-id=\"3c8ff4f3\" data-element_type=\"section\" data-e-type=\"section\">\n\t\t\t\t\t\t<div class=\"elementor-container elementor-column-gap-default\">\n\t\t\t\t\t<div class=\"elementor-column elementor-col-100 elementor-top-column elementor-element elementor-element-6f31d961\" data-id=\"6f31d961\" data-element_type=\"column\" data-e-type=\"column\" data-settings=\"{&quot;background_background&quot;:&quot;classic&quot;}\">\n\t\t\t<div class=\"elementor-widget-wrap elementor-element-populated\">\n\t\t\t\t\t<div class=\"elementor-background-overlay\"><\/div>\n\t\t\t\t\t\t<div class=\"elementor-element elementor-element-1870cb2 elementor-position-inline-start elementor-view-default elementor-mobile-position-block-start elementor-widget elementor-widget-icon-box\" data-id=\"1870cb2\" data-element_type=\"widget\" data-e-type=\"widget\" data-widget_type=\"icon-box.default\">\n\t\t\t\t<div class=\"elementor-widget-container\">\n\t\t\t\t\t\t\t<div class=\"elementor-icon-box-wrapper\">\n\n\t\t\t\t\t\t<div class=\"elementor-icon-box-icon\">\n\t\t\t\t<span  class=\"elementor-icon\">\n\t\t\t\t<i aria-hidden=\"true\" class=\"icomoon-the7-font-the7-mail-01\"><\/i>\t\t\t\t<\/span>\n\t\t\t<\/div>\n\t\t\t\n\t\t\t\t\t\t<div class=\"elementor-icon-box-content\">\n\n\t\t\t\t\t\t\t\t\t<h6 class=\"elementor-icon-box-title\">\n\t\t\t\t\t\t<span  >\n\t\t\t\t\t\t\tEmail\t\t\t\t\t\t<\/span>\n\t\t\t\t\t<\/h6>\n\t\t\t\t\n\t\t\t\t\t\t\t\t\t<p class=\"elementor-icon-box-description\">\n\t\t\t\t\t\tinfo@hunhfhd.hu\n\n\t\t\t\t\t<\/p>\n\t\t\t\t\n\t\t\t<\/div>\n\t\t\t\n\t\t<\/div>\n\t\t\t\t\t\t<\/div>\n\t\t\t\t<\/div>\n\t\t\t\t<div class=\"elementor-element elementor-element-0c36de3 elementor-widget elementor-widget-spacer\" data-id=\"0c36de3\" data-element_type=\"widget\" data-e-type=\"widget\" data-widget_type=\"spacer.default\">\n\t\t\t\t<div class=\"elementor-widget-container\">\n\t\t\t\t\t\t\t<div class=\"elementor-spacer\">\n\t\t\t<div class=\"elementor-spacer-inner\"><\/div>\n\t\t<\/div>\n\t\t\t\t\t\t<\/div>\n\t\t\t\t<\/div>\n\t\t\t\t<div class=\"elementor-element elementor-element-5804a83 elementor-position-inline-start elementor-view-default elementor-mobile-position-block-start elementor-widget elementor-widget-icon-box\" data-id=\"5804a83\" data-element_type=\"widget\" data-e-type=\"widget\" data-widget_type=\"icon-box.default\">\n\t\t\t\t<div class=\"elementor-widget-container\">\n\t\t\t\t\t\t\t<div class=\"elementor-icon-box-wrapper\">\n\n\t\t\t\t\t\t<div class=\"elementor-icon-box-icon\">\n\t\t\t\t<span  class=\"elementor-icon\">\n\t\t\t\t<i aria-hidden=\"true\" class=\"icomoon-the7-font-the7-phone-03\"><\/i>\t\t\t\t<\/span>\n\t\t\t<\/div>\n\t\t\t\n\t\t\t\t\t\t<div class=\"elementor-icon-box-content\">\n\n\t\t\t\t\t\t\t\t\t<h6 class=\"elementor-icon-box-title\">\n\t\t\t\t\t\t<span  >\n\t\t\t\t\t\t\tPhone\t\t\t\t\t\t<\/span>\n\t\t\t\t\t<\/h6>\n\t\t\t\t\n\t\t\t\t\t\t\t\t\t<p class=\"elementor-icon-box-description\">\n\t\t\t\t\t\t+36301015314\n\t\t\t\t\t<\/p>\n\t\t\t\t\n\t\t\t<\/div>\n\t\t\t\n\t\t<\/div>\n\t\t\t\t\t\t<\/div>\n\t\t\t\t<\/div>\n\t\t\t\t<div class=\"elementor-element elementor-element-4c59604 elementor-widget elementor-widget-spacer\" data-id=\"4c59604\" data-element_type=\"widget\" data-e-type=\"widget\" data-widget_type=\"spacer.default\">\n\t\t\t\t<div class=\"elementor-widget-container\">\n\t\t\t\t\t\t\t<div class=\"elementor-spacer\">\n\t\t\t<div class=\"elementor-spacer-inner\"><\/div>\n\t\t<\/div>\n\t\t\t\t\t\t<\/div>\n\t\t\t\t<\/div>\n\t\t\t\t<div class=\"elementor-element elementor-element-c3b4161 elementor-position-inline-start elementor-view-default elementor-mobile-position-block-start elementor-widget elementor-widget-icon-box\" data-id=\"c3b4161\" data-element_type=\"widget\" data-e-type=\"widget\" data-widget_type=\"icon-box.default\">\n\t\t\t\t<div class=\"elementor-widget-container\">\n\t\t\t\t\t\t\t<div class=\"elementor-icon-box-wrapper\">\n\n\t\t\t\t\t\t<div class=\"elementor-icon-box-icon\">\n\t\t\t\t<span  class=\"elementor-icon\">\n\t\t\t\t<i aria-hidden=\"true\" class=\"icomoon-the7-font-the7-mail-07\"><\/i>\t\t\t\t<\/span>\n\t\t\t<\/div>\n\t\t\t\n\t\t\t\t\t\t<div class=\"elementor-icon-box-content\">\n\n\t\t\t\t\t\t\t\t\t<h6 class=\"elementor-icon-box-title\">\n\t\t\t\t\t\t<span  >\n\t\t\t\t\t\t\tOur mailing address\t\t\t\t\t\t<\/span>\n\t\t\t\t\t<\/h6>\n\t\t\t\t\n\t\t\t\t\t\t\t\t\t<p class=\"elementor-icon-box-description\">\n\t\t\t\t\t\tHUNFHD Ltd. 8156, Kisl\u00e1ng Pf. 10.\n\n\t\t\t\t\t<\/p>\n\t\t\t\t\n\t\t\t<\/div>\n\t\t\t\n\t\t<\/div>\n\t\t\t\t\t\t<\/div>\n\t\t\t\t<\/div>\n\t\t\t\t<div class=\"elementor-element elementor-element-a970692 elementor-widget elementor-widget-spacer\" data-id=\"a970692\" data-element_type=\"widget\" data-e-type=\"widget\" data-widget_type=\"spacer.default\">\n\t\t\t\t<div class=\"elementor-widget-container\">\n\t\t\t\t\t\t\t<div class=\"elementor-spacer\">\n\t\t\t<div class=\"elementor-spacer-inner\"><\/div>\n\t\t<\/div>\n\t\t\t\t\t\t<\/div>\n\t\t\t\t<\/div>\n\t\t\t\t<div class=\"elementor-element elementor-element-23caa45 elementor-position-inline-start elementor-view-default elementor-mobile-position-block-start elementor-widget elementor-widget-icon-box\" data-id=\"23caa45\" data-element_type=\"widget\" data-e-type=\"widget\" data-widget_type=\"icon-box.default\">\n\t\t\t\t<div class=\"elementor-widget-container\">\n\t\t\t\t\t\t\t<div class=\"elementor-icon-box-wrapper\">\n\n\t\t\t\t\t\t<div class=\"elementor-icon-box-icon\">\n\t\t\t\t<span  class=\"elementor-icon\">\n\t\t\t\t<i aria-hidden=\"true\" class=\"icomoon-the7-font-the7-map-04\"><\/i>\t\t\t\t<\/span>\n\t\t\t<\/div>\n\t\t\t\n\t\t\t\t\t\t<div class=\"elementor-icon-box-content\">\n\n\t\t\t\t\t\t\t\t\t<h6 class=\"elementor-icon-box-title\">\n\t\t\t\t\t\t<span  >\n\t\t\t\t\t\t\tProduction\t\t\t\t\t\t<\/span>\n\t\t\t\t\t<\/h6>\n\t\t\t\t\n\t\t\t\t\t\t\t\t\t<p class=\"elementor-icon-box-description\">\n\t\t\t\t\t\t8156 Kisl\u00e1ng, \u00d6d\u00f6npuszta Hrsz. 0255\/1.\n\n\t\t\t\t\t<\/p>\n\t\t\t\t\n\t\t\t<\/div>\n\t\t\t\n\t\t<\/div>\n\t\t\t\t\t\t<\/div>\n\t\t\t\t<\/div>\n\t\t\t\t<div class=\"elementor-element elementor-element-25f32ef elementor-widget elementor-widget-spacer\" data-id=\"25f32ef\" data-element_type=\"widget\" data-e-type=\"widget\" data-widget_type=\"spacer.default\">\n\t\t\t\t<div class=\"elementor-widget-container\">\n\t\t\t\t\t\t\t<div class=\"elementor-spacer\">\n\t\t\t<div class=\"elementor-spacer-inner\"><\/div>\n\t\t<\/div>\n\t\t\t\t\t\t<\/div>\n\t\t\t\t<\/div>\n\t\t\t\t<div class=\"elementor-element elementor-element-1808049 elementor-widget elementor-widget-image\" data-id=\"1808049\" data-element_type=\"widget\" data-e-type=\"widget\" data-widget_type=\"image.default\">\n\t\t\t\t<div class=\"elementor-widget-container\">\n\t\t\t\t\t\t\t\t\t\t\t\t\t\t\t<img fetchpriority=\"high\" decoding=\"async\" width=\"768\" height=\"214\" src=\"https:\/\/hunfhd.hu\/wp-content\/uploads\/2021\/08\/Ke\u0301p1-768x214.png\" class=\"attachment-medium_large size-medium_large wp-image-2621\" alt=\"\" srcset=\"https:\/\/hunfhd.hu\/wp-content\/uploads\/2021\/08\/Ke\u0301p1-768x214.png 768w, https:\/\/hunfhd.hu\/wp-content\/uploads\/2021\/08\/Ke\u0301p1-300x84.png 300w, https:\/\/hunfhd.hu\/wp-content\/uploads\/2021\/08\/Ke\u0301p1.png 977w\" sizes=\"(max-width: 768px) 100vw, 768px\" \/>\t\t\t\t\t\t\t\t\t\t\t\t\t\t\t<\/div>\n\t\t\t\t<\/div>\n\t\t\t\t<div class=\"elementor-element elementor-element-0cf26a3 elementor-widget-divider--view-line elementor-widget elementor-widget-divider\" data-id=\"0cf26a3\" data-element_type=\"widget\" data-e-type=\"widget\" data-widget_type=\"divider.default\">\n\t\t\t\t<div class=\"elementor-widget-container\">\n\t\t\t\t\t\t\t<div class=\"elementor-divider\">\n\t\t\t<span class=\"elementor-divider-separator\">\n\t\t\t\t\t\t<\/span>\n\t\t<\/div>\n\t\t\t\t\t\t<\/div>\n\t\t\t\t<\/div>\n\t\t\t\t<div class=\"elementor-element elementor-element-60bace7 elementor-position-inline-start elementor-view-default elementor-mobile-position-block-start elementor-widget elementor-widget-icon-box\" data-id=\"60bace7\" data-element_type=\"widget\" data-e-type=\"widget\" data-widget_type=\"icon-box.default\">\n\t\t\t\t<div class=\"elementor-widget-container\">\n\t\t\t\t\t\t\t<div class=\"elementor-icon-box-wrapper\">\n\n\t\t\t\t\t\t<div class=\"elementor-icon-box-icon\">\n\t\t\t\t<span  class=\"elementor-icon\">\n\t\t\t\t<i aria-hidden=\"true\" class=\"icomoon-the7-font-the7-map-04\"><\/i>\t\t\t\t<\/span>\n\t\t\t<\/div>\n\t\t\t\n\t\t\t\t\t\t<div class=\"elementor-icon-box-content\">\n\n\t\t\t\t\t\t\t\t\t<h6 class=\"elementor-icon-box-title\">\n\t\t\t\t\t\t<span  >\n\t\t\t\t\t\t\tCentre\t\t\t\t\t\t<\/span>\n\t\t\t\t\t<\/h6>\n\t\t\t\t\n\t\t\t\t\t\t\t\t\t<p class=\"elementor-icon-box-description\">\n\t\t\t\t\t\t1186 Budapest, Besence utca 11.\t\t\t\t\t<\/p>\n\t\t\t\t\n\t\t\t<\/div>\n\t\t\t\n\t\t<\/div>\n\t\t\t\t\t\t<\/div>\n\t\t\t\t<\/div>\n\t\t\t\t<div class=\"elementor-element elementor-element-419d076 elementor-widget elementor-widget-spacer\" data-id=\"419d076\" data-element_type=\"widget\" data-e-type=\"widget\" data-widget_type=\"spacer.default\">\n\t\t\t\t<div class=\"elementor-widget-container\">\n\t\t\t\t\t\t\t<div class=\"elementor-spacer\">\n\t\t\t<div class=\"elementor-spacer-inner\"><\/div>\n\t\t<\/div>\n\t\t\t\t\t\t<\/div>\n\t\t\t\t<\/div>\n\t\t\t\t<div class=\"elementor-element elementor-element-fd5e8f6 elementor-widget elementor-widget-image\" data-id=\"fd5e8f6\" data-element_type=\"widget\" data-e-type=\"widget\" data-widget_type=\"image.default\">\n\t\t\t\t<div class=\"elementor-widget-container\">\n\t\t\t\t\t\t\t\t\t\t\t\t\t\t\t<img decoding=\"async\" width=\"768\" height=\"576\" src=\"https:\/\/hunfhd.hu\/wp-content\/uploads\/2021\/08\/215763840_3936671419764692_868371496503797598_n-768x576.jpg\" class=\"attachment-medium_large size-medium_large wp-image-2672\" alt=\"\" srcset=\"https:\/\/hunfhd.hu\/wp-content\/uploads\/2021\/08\/215763840_3936671419764692_868371496503797598_n-768x576.jpg 768w, https:\/\/hunfhd.hu\/wp-content\/uploads\/2021\/08\/215763840_3936671419764692_868371496503797598_n-300x225.jpg 300w, https:\/\/hunfhd.hu\/wp-content\/uploads\/2021\/08\/215763840_3936671419764692_868371496503797598_n.jpg 960w\" sizes=\"(max-width: 768px) 100vw, 768px\" \/>\t\t\t\t\t\t\t\t\t\t\t\t\t\t\t<\/div>\n\t\t\t\t<\/div>\n\t\t\t\t\t<\/div>\n\t\t<\/div>\n\t\t\t\t\t<\/div>\n\t\t<\/section>\n\t\t\t\t<section class=\"elementor-section elementor-top-section elementor-element elementor-element-0c92b9c elementor-section-boxed elementor-section-height-default elementor-section-height-default\" data-id=\"0c92b9c\" data-element_type=\"section\" data-e-type=\"section\">\n\t\t\t\t\t\t<div class=\"elementor-container elementor-column-gap-default\">\n\t\t\t\t\t<div class=\"elementor-column elementor-col-100 elementor-top-column elementor-element elementor-element-6f9a73a\" data-id=\"6f9a73a\" data-element_type=\"column\" data-e-type=\"column\">\n\t\t\t<div class=\"elementor-widget-wrap\">\n\t\t\t\t\t\t\t<\/div>\n\t\t<\/div>\n\t\t\t\t\t<\/div>\n\t\t<\/section>\n\t\t\t\t<\/div>","protected":false},"excerpt":{"rendered":"<p>Email info@hunhfhd.hu Phone +36301015314 Mailing address HUNFHD Ltd. 8156, Kisl\u00e1ng Pf. 10. Production 8156 Kisl\u00e1ng, \u00d6d\u00f6npuszta Hrsz. 0255\/1. Headquarters 1186 Budapest, Besence utca 11.<\/p>","protected":false},"author":1,"featured_media":0,"parent":0,"menu_order":70,"comment_status":"closed","ping_status":"closed","template":"elementor_header_footer","meta":{"footnotes":""},"class_list":["post-23","page","type-page","status-publish","hentry"],"yoast_head":"<!-- This site is optimized with the Yoast SEO plugin v27.5 - https:\/\/yoast.com\/product\/yoast-seo-wordpress\/ -->\n<title>El\u00e9rhet\u0151s\u00e9geink - HUNFHD<\/title>\n<meta name=\"robots\" content=\"index, follow, max-snippet:-1, max-image-preview:large, max-video-preview:-1\" \/>\n<link rel=\"canonical\" href=\"https:\/\/hunfhd.hu\/en\/elerhetosegeink\/\" \/>\n<meta property=\"og:locale\" content=\"en_GB\" \/>\n<meta property=\"og:type\" content=\"article\" \/>\n<meta property=\"og:title\" content=\"El\u00e9rhet\u0151s\u00e9geink - HUNFHD\" \/>\n<meta property=\"og:description\" content=\"Email info@hunhfhd.hu Telefon +36301015314 Post\u00e1z\u00e1si c\u00edm\u00fcnk HUNFHD Kft. 8156, Kisl\u00e1ng Pf. 10. Termel\u00e9s 8156 Kisl\u00e1ng, \u00d6d\u00f6npuszta Hrsz. 0255\/1. K\u00f6zpont 1186 Budapest, Besence utca 11.\" \/>\n<meta property=\"og:url\" content=\"https:\/\/hunfhd.hu\/en\/elerhetosegeink\/\" \/>\n<meta property=\"og:site_name\" content=\"HUNFHD\" \/>\n<meta property=\"article:modified_time\" content=\"2021-08-11T11:04:22+00:00\" \/>\n<meta property=\"og:image\" content=\"https:\/\/hunfhd.hu\/wp-content\/uploads\/2021\/08\/Ke\u0301p1-768x214.png\" \/>\n<meta name=\"twitter:card\" content=\"summary_large_image\" \/>\n<meta name=\"twitter:label1\" content=\"Estimated reading time\" \/>\n\t<meta name=\"twitter:data1\" content=\"1 minute\" \/>\n<script type=\"application\/ld+json\" class=\"yoast-schema-graph\">{\"@context\":\"https:\\\/\\\/schema.org\",\"@graph\":[{\"@type\":\"WebPage\",\"@id\":\"https:\\\/\\\/hunfhd.hu\\\/elerhetosegeink\\\/\",\"url\":\"https:\\\/\\\/hunfhd.hu\\\/elerhetosegeink\\\/\",\"name\":\"El\u00e9rhet\u0151s\u00e9geink - HUNFHD\",\"isPartOf\":{\"@id\":\"https:\\\/\\\/hunfhd.hu\\\/#website\"},\"primaryImageOfPage\":{\"@id\":\"https:\\\/\\\/hunfhd.hu\\\/elerhetosegeink\\\/#primaryimage\"},\"image\":{\"@id\":\"https:\\\/\\\/hunfhd.hu\\\/elerhetosegeink\\\/#primaryimage\"},\"thumbnailUrl\":\"https:\\\/\\\/hunfhd.hu\\\/wp-content\\\/uploads\\\/2021\\\/08\\\/215763840_3936671419764692_868371496503797598_n-768x576.jpg\",\"datePublished\":\"2020-02-15T10:41:42+00:00\",\"dateModified\":\"2021-08-11T11:04:22+00:00\",\"breadcrumb\":{\"@id\":\"https:\\\/\\\/hunfhd.hu\\\/elerhetosegeink\\\/#breadcrumb\"},\"inLanguage\":\"en-GB\",\"potentialAction\":[{\"@type\":\"ReadAction\",\"target\":[\"https:\\\/\\\/hunfhd.hu\\\/elerhetosegeink\\\/\"]}]},{\"@type\":\"ImageObject\",\"inLanguage\":\"en-GB\",\"@id\":\"https:\\\/\\\/hunfhd.hu\\\/elerhetosegeink\\\/#primaryimage\",\"url\":\"https:\\\/\\\/hunfhd.hu\\\/wp-content\\\/uploads\\\/2021\\\/08\\\/215763840_3936671419764692_868371496503797598_n-768x576.jpg\",\"contentUrl\":\"https:\\\/\\\/hunfhd.hu\\\/wp-content\\\/uploads\\\/2021\\\/08\\\/215763840_3936671419764692_868371496503797598_n-768x576.jpg\"},{\"@type\":\"BreadcrumbList\",\"@id\":\"https:\\\/\\\/hunfhd.hu\\\/elerhetosegeink\\\/#breadcrumb\",\"itemListElement\":[{\"@type\":\"ListItem\",\"position\":1,\"name\":\"Home\",\"item\":\"https:\\\/\\\/hunfhd.hu\\\/\"},{\"@type\":\"ListItem\",\"position\":2,\"name\":\"El\u00e9rhet\u0151s\u00e9geink\"}]},{\"@type\":\"WebSite\",\"@id\":\"https:\\\/\\\/hunfhd.hu\\\/#website\",\"url\":\"https:\\\/\\\/hunfhd.hu\\\/\",\"name\":\"HUNFHD\",\"description\":\"Bakery\",\"publisher\":{\"@id\":\"https:\\\/\\\/hunfhd.hu\\\/#organization\"},\"potentialAction\":[{\"@type\":\"SearchAction\",\"target\":{\"@type\":\"EntryPoint\",\"urlTemplate\":\"https:\\\/\\\/hunfhd.hu\\\/?s={search_term_string}\"},\"query-input\":{\"@type\":\"PropertyValueSpecification\",\"valueRequired\":true,\"valueName\":\"search_term_string\"}}],\"inLanguage\":\"en-GB\"},{\"@type\":\"Organization\",\"@id\":\"https:\\\/\\\/hunfhd.hu\\\/#organization\",\"name\":\"HUNFHD\",\"url\":\"https:\\\/\\\/hunfhd.hu\\\/\",\"logo\":{\"@type\":\"ImageObject\",\"inLanguage\":\"en-GB\",\"@id\":\"https:\\\/\\\/hunfhd.hu\\\/#\\\/schema\\\/logo\\\/image\\\/\",\"url\":\"https:\\\/\\\/hunfhd.hu\\\/wp-content\\\/uploads\\\/2021\\\/06\\\/HUN_FHD_logo-2.png\",\"contentUrl\":\"https:\\\/\\\/hunfhd.hu\\\/wp-content\\\/uploads\\\/2021\\\/06\\\/HUN_FHD_logo-2.png\",\"width\":124,\"height\":124,\"caption\":\"HUNFHD\"},\"image\":{\"@id\":\"https:\\\/\\\/hunfhd.hu\\\/#\\\/schema\\\/logo\\\/image\\\/\"}}]}<\/script>\n<!-- \/ Yoast SEO plugin. -->","yoast_head_json":{"title":"How to contact us - HUNFHD","robots":{"index":"index","follow":"follow","max-snippet":"max-snippet:-1","max-image-preview":"max-image-preview:large","max-video-preview":"max-video-preview:-1"},"canonical":"https:\/\/hunfhd.hu\/en\/elerhetosegeink\/","og_locale":"en_GB","og_type":"article","og_title":"El\u00e9rhet\u0151s\u00e9geink - HUNFHD","og_description":"Email info@hunhfhd.hu Telefon +36301015314 Post\u00e1z\u00e1si c\u00edm\u00fcnk HUNFHD Kft. 8156, Kisl\u00e1ng Pf. 10. Termel\u00e9s 8156 Kisl\u00e1ng, \u00d6d\u00f6npuszta Hrsz. 0255\/1. K\u00f6zpont 1186 Budapest, Besence utca 11.","og_url":"https:\/\/hunfhd.hu\/en\/elerhetosegeink\/","og_site_name":"HUNFHD","article_modified_time":"2021-08-11T11:04:22+00:00","og_image":[{"url":"https:\/\/hunfhd.hu\/wp-content\/uploads\/2021\/08\/Ke\u0301p1-768x214.png","type":"","width":"","height":""}],"twitter_card":"summary_large_image","twitter_misc":{"Estimated reading time":"1 minute"},"schema":{"@context":"https:\/\/schema.org","@graph":[{"@type":"WebPage","@id":"https:\/\/hunfhd.hu\/elerhetosegeink\/","url":"https:\/\/hunfhd.hu\/elerhetosegeink\/","name":"How to contact us - HUNFHD","isPartOf":{"@id":"https:\/\/hunfhd.hu\/#website"},"primaryImageOfPage":{"@id":"https:\/\/hunfhd.hu\/elerhetosegeink\/#primaryimage"},"image":{"@id":"https:\/\/hunfhd.hu\/elerhetosegeink\/#primaryimage"},"thumbnailUrl":"https:\/\/hunfhd.hu\/wp-content\/uploads\/2021\/08\/215763840_3936671419764692_868371496503797598_n-768x576.jpg","datePublished":"2020-02-15T10:41:42+00:00","dateModified":"2021-08-11T11:04:22+00:00","breadcrumb":{"@id":"https:\/\/hunfhd.hu\/elerhetosegeink\/#breadcrumb"},"inLanguage":"en-GB","potentialAction":[{"@type":"ReadAction","target":["https:\/\/hunfhd.hu\/elerhetosegeink\/"]}]},{"@type":"ImageObject","inLanguage":"en-GB","@id":"https:\/\/hunfhd.hu\/elerhetosegeink\/#primaryimage","url":"https:\/\/hunfhd.hu\/wp-content\/uploads\/2021\/08\/215763840_3936671419764692_868371496503797598_n-768x576.jpg","contentUrl":"https:\/\/hunfhd.hu\/wp-content\/uploads\/2021\/08\/215763840_3936671419764692_868371496503797598_n-768x576.jpg"},{"@type":"BreadcrumbList","@id":"https:\/\/hunfhd.hu\/elerhetosegeink\/#breadcrumb","itemListElement":[{"@type":"ListItem","position":1,"name":"Home","item":"https:\/\/hunfhd.hu\/"},{"@type":"ListItem","position":2,"name":"El\u00e9rhet\u0151s\u00e9geink"}]},{"@type":"WebSite","@id":"https:\/\/hunfhd.hu\/#website","url":"https:\/\/hunfhd.hu\/","name":"HUNFHD","description":"Bakery","publisher":{"@id":"https:\/\/hunfhd.hu\/#organization"},"potentialAction":[{"@type":"SearchAction","target":{"@type":"EntryPoint","urlTemplate":"https:\/\/hunfhd.hu\/?s={search_term_string}"},"query-input":{"@type":"PropertyValueSpecification","valueRequired":true,"valueName":"search_term_string"}}],"inLanguage":"en-GB"},{"@type":"Organization","@id":"https:\/\/hunfhd.hu\/#organization","name":"HUNFHD","url":"https:\/\/hunfhd.hu\/","logo":{"@type":"ImageObject","inLanguage":"en-GB","@id":"https:\/\/hunfhd.hu\/#\/schema\/logo\/image\/","url":"https:\/\/hunfhd.hu\/wp-content\/uploads\/2021\/06\/HUN_FHD_logo-2.png","contentUrl":"https:\/\/hunfhd.hu\/wp-content\/uploads\/2021\/06\/HUN_FHD_logo-2.png","width":124,"height":124,"caption":"HUNFHD"},"image":{"@id":"https:\/\/hunfhd.hu\/#\/schema\/logo\/image\/"}}]}},"_links":{"self":[{"href":"https:\/\/hunfhd.hu\/en\/wp-json\/wp\/v2\/pages\/23","targetHints":{"allow":["GET"]}}],"collection":[{"href":"https:\/\/hunfhd.hu\/en\/wp-json\/wp\/v2\/pages"}],"about":[{"href":"https:\/\/hunfhd.hu\/en\/wp-json\/wp\/v2\/types\/page"}],"author":[{"embeddable":true,"href":"https:\/\/hunfhd.hu\/en\/wp-json\/wp\/v2\/users\/1"}],"replies":[{"embeddable":true,"href":"https:\/\/hunfhd.hu\/en\/wp-json\/wp\/v2\/comments?post=23"}],"version-history":[{"count":36,"href":"https:\/\/hunfhd.hu\/en\/wp-json\/wp\/v2\/pages\/23\/revisions"}],"predecessor-version":[{"id":2737,"href":"https:\/\/hunfhd.hu\/en\/wp-json\/wp\/v2\/pages\/23\/revisions\/2737"}],"wp:attachment":[{"href":"https:\/\/hunfhd.hu\/en\/wp-json\/wp\/v2\/media?parent=23"}],"curies":[{"name":"wp","href":"https:\/\/api.w.org\/{rel}","templated":true}]}}