{"id":2440,"date":"2021-06-27T15:17:34","date_gmt":"2021-06-27T13:17:34","guid":{"rendered":"https:\/\/hunfhd.hu\/?page_id=2440"},"modified":"2021-08-11T13:06:56","modified_gmt":"2021-08-11T11:06:56","slug":"minosegi-bizonyitvanyok","status":"publish","type":"page","link":"https:\/\/hunfhd.hu\/en\/minosegi-bizonyitvanyok\/","title":{"rendered":"Quality assurance"},"content":{"rendered":"<p style=\"text-align: center;\">THE HUNFHD KFT.<\/p>\n<h3 style=\"text-align: center;\"><strong>operational policy<\/strong><\/h3>\n<p>&nbsp;<\/p>\n<p>Our goal is to implement the mission and strategy of HUNFHD Ltd., based on excellent products, maximum attention to the needs and satisfaction of customers and clients, and a balance between the interests of owners, employees and professional partners. We combine tradition with a modern manufacturing culture. In our procurement, we focus on the distribution\/sales of modern products that meet today's requirements.<\/p>\n<p>We are constantly improving our products, technology and food technology knowledge.<\/p>\n<p>Our operational policy aims to ensure product excellence, food safety, efficiency, a creative working environment and a reliable supply chain - the foundations of our medium and short-term objectives. The achievement of our objectives is supported by the provision of resources that meet food safety requirements, while taking into account prudent economy.<\/p>\n<p>In frozen storage and logistics, we are committed to the highest standards of quality both for our own and our partners. HACCP and IFS systems are implemented\/operated by our partners and regularly audited. Our warehouses have all the necessary official licences and consents.<\/p>\n<p>In order to produce safe products that comply with the law and European standards, we pay special attention to hygiene, the operation of the HACCP system, and the international, systemic requirements of food safety. We also take into account the environment, occupational health\/safety and sustainable production safety. We guarantee our customers punctual delivery, prompt service and a pricing policy based on long-term cooperation. The company maintains constant contact with all its business partners and customers in order to closely monitor changing needs. Information on their satisfaction, complaints and needs is regularly recorded, measured and processed. These results are used for further improvements and improvements.<\/p>\n<p>Our aim: To meet the needs of our customers through the distribution of safe and consistently high quality products, guaranteeing consumer safety. We always act ethically towards our business partners.<\/p>\n<p>Kisl\u00e1ng, 20 July 2021.<\/p>","protected":false},"excerpt":{"rendered":"<p>The operational policy of HUNFHD Ltd. Our aim is to implement the mission and strategy of HUNFHD Ltd. based on excellent products, maximum attention to the needs and satisfaction of customers and clients. We ensure a balance between the interests of the owners, employees and professional partners. We combine tradition with a modern manufacturing culture. In our procurement, we focus on the distribution\/sales of modern products that meet today's requirements. We are constantly improving our products, our technology and our knowledge of food technology. Our operational policy aims at product excellence, product quality,...<\/p>","protected":false},"author":2,"featured_media":0,"parent":0,"menu_order":0,"comment_status":"closed","ping_status":"closed","template":"","meta":{"footnotes":""},"class_list":["post-2440","page","type-page","status-publish","hentry","description-off"],"yoast_head":"<!-- This site is optimized with the Yoast SEO plugin v27.5 - https:\/\/yoast.com\/product\/yoast-seo-wordpress\/ -->\n<title>Min\u0151s\u00e9gbiztos\u00edt\u00e1s - HUNFHD<\/title>\n<meta name=\"robots\" content=\"index, follow, max-snippet:-1, max-image-preview:large, max-video-preview:-1\" \/>\n<link rel=\"canonical\" href=\"https:\/\/hunfhd.hu\/en\/minosegi-bizonyitvanyok\/\" \/>\n<meta property=\"og:locale\" content=\"en_GB\" \/>\n<meta property=\"og:type\" content=\"article\" \/>\n<meta property=\"og:title\" content=\"Min\u0151s\u00e9gbiztos\u00edt\u00e1s - HUNFHD\" \/>\n<meta property=\"og:description\" content=\"A\u00a0\u00a0HUNFHD\u00a0KFT. m\u0171k\u00f6d\u00e9si politik\u00e1ja &nbsp; C\u00e9lunk\u00a0a\u00a0HUNFHD\u00a0Kft. k\u00fcldet\u00e9s\u00e9nek \u00e9s strat\u00e9gi\u00e1j\u00e1nak megval\u00f3s\u00edt\u00e1sa, amely kiv\u00e1l\u00f3 term\u00e9keken, a vev\u0151k \u00e9s megb\u00edz\u00f3k ig\u00e9nyeinek maxim\u00e1lis figyelembev\u00e9tel\u00e9n\u00a0\u00e9s megel\u00e9gedetts\u00e9g\u00e9n alapul.\u00a0Biztos\u00edtjuk\u00a0a tulajdonosok, a munkat\u00e1rsak\u00a0\u00e9s a\u00a0szakmai partneri k\u00f6r \u00e9rdekeinek egyens\u00faly\u00e1t.\u00a0Munk\u00e1nkban\u00a0\u00f6tv\u00f6zz\u00fck\u00a0a hagyom\u00e1nyokat a korszer\u0171 gy\u00e1rt\u00e1si kult\u00far\u00e1val. Beszerz\u00e9seink sor\u00e1n f\u00f3kusz\u00e1lunk a korszer\u0171, mai kor elv\u00e1r\u00e1sainak megfelel\u0151 term\u00e9kek forgalmaz\u00e1s\u00e1ra\/ \u00e9rt\u00e9kes\u00edt\u00e9s\u00e9re. Folyamatosan\u00a0fejlesztj\u00fck term\u00e9keinket,\u00a0technol\u00f3gi\u00e1nkat\u00a0\u00e9s\u00a0\u00e9lelmiszer-technol\u00f3giai ismereteinket. M\u0171k\u00f6d\u00e9s-politik\u00e1nk c\u00e9lja a term\u00e9kek kiv\u00e1l\u00f3s\u00e1g\u00e1nak, az&hellip;\" \/>\n<meta property=\"og:url\" content=\"https:\/\/hunfhd.hu\/en\/minosegi-bizonyitvanyok\/\" \/>\n<meta property=\"og:site_name\" content=\"HUNFHD\" \/>\n<meta property=\"article:modified_time\" content=\"2021-08-11T11:06:56+00:00\" \/>\n<meta name=\"twitter:card\" content=\"summary_large_image\" \/>\n<meta name=\"twitter:label1\" content=\"Estimated reading time\" \/>\n\t<meta name=\"twitter:data1\" content=\"2 minutes\" \/>\n<script type=\"application\/ld+json\" class=\"yoast-schema-graph\">{\"@context\":\"https:\\\/\\\/schema.org\",\"@graph\":[{\"@type\":\"WebPage\",\"@id\":\"https:\\\/\\\/hunfhd.hu\\\/minosegi-bizonyitvanyok\\\/\",\"url\":\"https:\\\/\\\/hunfhd.hu\\\/minosegi-bizonyitvanyok\\\/\",\"name\":\"Min\u0151s\u00e9gbiztos\u00edt\u00e1s - HUNFHD\",\"isPartOf\":{\"@id\":\"https:\\\/\\\/hunfhd.hu\\\/#website\"},\"datePublished\":\"2021-06-27T13:17:34+00:00\",\"dateModified\":\"2021-08-11T11:06:56+00:00\",\"breadcrumb\":{\"@id\":\"https:\\\/\\\/hunfhd.hu\\\/minosegi-bizonyitvanyok\\\/#breadcrumb\"},\"inLanguage\":\"en-GB\",\"potentialAction\":[{\"@type\":\"ReadAction\",\"target\":[\"https:\\\/\\\/hunfhd.hu\\\/minosegi-bizonyitvanyok\\\/\"]}]},{\"@type\":\"BreadcrumbList\",\"@id\":\"https:\\\/\\\/hunfhd.hu\\\/minosegi-bizonyitvanyok\\\/#breadcrumb\",\"itemListElement\":[{\"@type\":\"ListItem\",\"position\":1,\"name\":\"Home\",\"item\":\"https:\\\/\\\/hunfhd.hu\\\/\"},{\"@type\":\"ListItem\",\"position\":2,\"name\":\"Min\u0151s\u00e9gbiztos\u00edt\u00e1s\"}]},{\"@type\":\"WebSite\",\"@id\":\"https:\\\/\\\/hunfhd.hu\\\/#website\",\"url\":\"https:\\\/\\\/hunfhd.hu\\\/\",\"name\":\"HUNFHD\",\"description\":\"Bakery\",\"publisher\":{\"@id\":\"https:\\\/\\\/hunfhd.hu\\\/#organization\"},\"potentialAction\":[{\"@type\":\"SearchAction\",\"target\":{\"@type\":\"EntryPoint\",\"urlTemplate\":\"https:\\\/\\\/hunfhd.hu\\\/?s={search_term_string}\"},\"query-input\":{\"@type\":\"PropertyValueSpecification\",\"valueRequired\":true,\"valueName\":\"search_term_string\"}}],\"inLanguage\":\"en-GB\"},{\"@type\":\"Organization\",\"@id\":\"https:\\\/\\\/hunfhd.hu\\\/#organization\",\"name\":\"HUNFHD\",\"url\":\"https:\\\/\\\/hunfhd.hu\\\/\",\"logo\":{\"@type\":\"ImageObject\",\"inLanguage\":\"en-GB\",\"@id\":\"https:\\\/\\\/hunfhd.hu\\\/#\\\/schema\\\/logo\\\/image\\\/\",\"url\":\"https:\\\/\\\/hunfhd.hu\\\/wp-content\\\/uploads\\\/2021\\\/06\\\/HUN_FHD_logo-2.png\",\"contentUrl\":\"https:\\\/\\\/hunfhd.hu\\\/wp-content\\\/uploads\\\/2021\\\/06\\\/HUN_FHD_logo-2.png\",\"width\":124,\"height\":124,\"caption\":\"HUNFHD\"},\"image\":{\"@id\":\"https:\\\/\\\/hunfhd.hu\\\/#\\\/schema\\\/logo\\\/image\\\/\"}}]}<\/script>\n<!-- \/ Yoast SEO plugin. -->","yoast_head_json":{"title":"Quality assurance - HUNFHD","robots":{"index":"index","follow":"follow","max-snippet":"max-snippet:-1","max-image-preview":"max-image-preview:large","max-video-preview":"max-video-preview:-1"},"canonical":"https:\/\/hunfhd.hu\/en\/minosegi-bizonyitvanyok\/","og_locale":"en_GB","og_type":"article","og_title":"Min\u0151s\u00e9gbiztos\u00edt\u00e1s - HUNFHD","og_description":"A\u00a0\u00a0HUNFHD\u00a0KFT. m\u0171k\u00f6d\u00e9si politik\u00e1ja &nbsp; C\u00e9lunk\u00a0a\u00a0HUNFHD\u00a0Kft. k\u00fcldet\u00e9s\u00e9nek \u00e9s strat\u00e9gi\u00e1j\u00e1nak megval\u00f3s\u00edt\u00e1sa, amely kiv\u00e1l\u00f3 term\u00e9keken, a vev\u0151k \u00e9s megb\u00edz\u00f3k ig\u00e9nyeinek maxim\u00e1lis figyelembev\u00e9tel\u00e9n\u00a0\u00e9s megel\u00e9gedetts\u00e9g\u00e9n alapul.\u00a0Biztos\u00edtjuk\u00a0a tulajdonosok, a munkat\u00e1rsak\u00a0\u00e9s a\u00a0szakmai partneri k\u00f6r \u00e9rdekeinek egyens\u00faly\u00e1t.\u00a0Munk\u00e1nkban\u00a0\u00f6tv\u00f6zz\u00fck\u00a0a hagyom\u00e1nyokat a korszer\u0171 gy\u00e1rt\u00e1si kult\u00far\u00e1val. Beszerz\u00e9seink sor\u00e1n f\u00f3kusz\u00e1lunk a korszer\u0171, mai kor elv\u00e1r\u00e1sainak megfelel\u0151 term\u00e9kek forgalmaz\u00e1s\u00e1ra\/ \u00e9rt\u00e9kes\u00edt\u00e9s\u00e9re. Folyamatosan\u00a0fejlesztj\u00fck term\u00e9keinket,\u00a0technol\u00f3gi\u00e1nkat\u00a0\u00e9s\u00a0\u00e9lelmiszer-technol\u00f3giai ismereteinket. M\u0171k\u00f6d\u00e9s-politik\u00e1nk c\u00e9lja a term\u00e9kek kiv\u00e1l\u00f3s\u00e1g\u00e1nak, az&hellip;","og_url":"https:\/\/hunfhd.hu\/en\/minosegi-bizonyitvanyok\/","og_site_name":"HUNFHD","article_modified_time":"2021-08-11T11:06:56+00:00","twitter_card":"summary_large_image","twitter_misc":{"Estimated reading time":"2 minutes"},"schema":{"@context":"https:\/\/schema.org","@graph":[{"@type":"WebPage","@id":"https:\/\/hunfhd.hu\/minosegi-bizonyitvanyok\/","url":"https:\/\/hunfhd.hu\/minosegi-bizonyitvanyok\/","name":"Quality assurance - HUNFHD","isPartOf":{"@id":"https:\/\/hunfhd.hu\/#website"},"datePublished":"2021-06-27T13:17:34+00:00","dateModified":"2021-08-11T11:06:56+00:00","breadcrumb":{"@id":"https:\/\/hunfhd.hu\/minosegi-bizonyitvanyok\/#breadcrumb"},"inLanguage":"en-GB","potentialAction":[{"@type":"ReadAction","target":["https:\/\/hunfhd.hu\/minosegi-bizonyitvanyok\/"]}]},{"@type":"BreadcrumbList","@id":"https:\/\/hunfhd.hu\/minosegi-bizonyitvanyok\/#breadcrumb","itemListElement":[{"@type":"ListItem","position":1,"name":"Home","item":"https:\/\/hunfhd.hu\/"},{"@type":"ListItem","position":2,"name":"Min\u0151s\u00e9gbiztos\u00edt\u00e1s"}]},{"@type":"WebSite","@id":"https:\/\/hunfhd.hu\/#website","url":"https:\/\/hunfhd.hu\/","name":"HUNFHD","description":"Bakery","publisher":{"@id":"https:\/\/hunfhd.hu\/#organization"},"potentialAction":[{"@type":"SearchAction","target":{"@type":"EntryPoint","urlTemplate":"https:\/\/hunfhd.hu\/?s={search_term_string}"},"query-input":{"@type":"PropertyValueSpecification","valueRequired":true,"valueName":"search_term_string"}}],"inLanguage":"en-GB"},{"@type":"Organization","@id":"https:\/\/hunfhd.hu\/#organization","name":"HUNFHD","url":"https:\/\/hunfhd.hu\/","logo":{"@type":"ImageObject","inLanguage":"en-GB","@id":"https:\/\/hunfhd.hu\/#\/schema\/logo\/image\/","url":"https:\/\/hunfhd.hu\/wp-content\/uploads\/2021\/06\/HUN_FHD_logo-2.png","contentUrl":"https:\/\/hunfhd.hu\/wp-content\/uploads\/2021\/06\/HUN_FHD_logo-2.png","width":124,"height":124,"caption":"HUNFHD"},"image":{"@id":"https:\/\/hunfhd.hu\/#\/schema\/logo\/image\/"}}]}},"_links":{"self":[{"href":"https:\/\/hunfhd.hu\/en\/wp-json\/wp\/v2\/pages\/2440","targetHints":{"allow":["GET"]}}],"collection":[{"href":"https:\/\/hunfhd.hu\/en\/wp-json\/wp\/v2\/pages"}],"about":[{"href":"https:\/\/hunfhd.hu\/en\/wp-json\/wp\/v2\/types\/page"}],"author":[{"embeddable":true,"href":"https:\/\/hunfhd.hu\/en\/wp-json\/wp\/v2\/users\/2"}],"replies":[{"embeddable":true,"href":"https:\/\/hunfhd.hu\/en\/wp-json\/wp\/v2\/comments?post=2440"}],"version-history":[{"count":3,"href":"https:\/\/hunfhd.hu\/en\/wp-json\/wp\/v2\/pages\/2440\/revisions"}],"predecessor-version":[{"id":2740,"href":"https:\/\/hunfhd.hu\/en\/wp-json\/wp\/v2\/pages\/2440\/revisions\/2740"}],"wp:attachment":[{"href":"https:\/\/hunfhd.hu\/en\/wp-json\/wp\/v2\/media?parent=2440"}],"curies":[{"name":"wp","href":"https:\/\/api.w.org\/{rel}","templated":true}]}}