{"id":2714,"date":"2021-08-10T08:48:52","date_gmt":"2021-08-10T06:48:52","guid":{"rendered":"https:\/\/hunfhd.hu\/?page_id=2714"},"modified":"2021-08-10T08:52:22","modified_gmt":"2021-08-10T06:52:22","slug":"projekt-leiras","status":"publish","type":"page","link":"https:\/\/hunfhd.hu\/en\/projekt-leiras\/","title":{"rendered":"Project description"},"content":{"rendered":"<p><strong>Details of the project:<\/strong><\/p>\n<ul>\n<li>\u00a0name of the beneficiary: HUNFHD Kft.<\/li>\n<li>project topic: building up hot dog drilling capacity at HUNFHD Ltd.<\/li>\n<li>the amount of aid contracted: EUR 932.000<\/li>\n<\/ul>\n<p><strong>Presentation of the project content:<\/strong><br \/>\nWe are building the hot dog drilling capacity of the company by purchasing state-of-the-art tools and equipment.<br \/>\nThe aid is based on an individual government decision.<br \/>\nThe project will result in a reduction of 100% in the import share of the drilled hot dog category.<\/p>\n<p><strong>Assets acquired during the investment:<\/strong><\/p>\n<ul>\n<li>hot dog drilling machine line from Danmatic<\/li>\n<\/ul>","protected":false},"excerpt":{"rendered":"<p>Project details: name of the beneficiary: HUNFHD Ltd. project subject: construction of hot dog drilling capacity at HUNFHD Ltd. amount of the contracted aid: EUR 932,000 Description of the project content: the construction of the hot dog drilling capacity of the company is being implemented by purchasing modern tools and equipment. As a result of the project, the drilled hot dog category will be increased by...<\/p>","protected":false},"author":1,"featured_media":0,"parent":0,"menu_order":0,"comment_status":"closed","ping_status":"closed","template":"","meta":{"footnotes":""},"class_list":["post-2714","page","type-page","status-publish","hentry","description-off"],"yoast_head":"<!-- This site is optimized with the Yoast SEO plugin v27.5 - https:\/\/yoast.com\/product\/yoast-seo-wordpress\/ -->\n<title>Projekt le\u00edr\u00e1s - HUNFHD<\/title>\n<meta name=\"robots\" content=\"index, follow, max-snippet:-1, max-image-preview:large, max-video-preview:-1\" \/>\n<link rel=\"canonical\" href=\"https:\/\/hunfhd.hu\/en\/projekt-leiras\/\" \/>\n<meta property=\"og:locale\" content=\"en_GB\" \/>\n<meta property=\"og:type\" content=\"article\" \/>\n<meta property=\"og:title\" content=\"Projekt le\u00edr\u00e1s - HUNFHD\" \/>\n<meta property=\"og:description\" content=\"A projekt adatai: \u00a0a kedvezm\u00e9nyezett neve: HUNFHD Kft. a projekt t\u00e9m\u00e1ja: Hot dog f\u00far\u00f3 kapacit\u00e1s ki\u00e9p\u00edt\u00e9se a HUNFHD Kft.-n\u00e9l a szerz\u0151d\u00f6tt t\u00e1mogat\u00e1s \u00f6sszege: 932.000 EUR A projekt tartalm\u00e1nak bemutat\u00e1sa: A v\u00e1llalkoz\u00e1s hot dog f\u00far\u00f3 kapacit\u00e1s\u00e1nak ki\u00e9p\u00edt\u00e9s\u00e9t val\u00f3s\u00edtjuk meg korszer\u0171 eszk\u00f6z\u00f6k, berendez\u00e9sek beszerz\u00e9s\u00e9vel. A t\u00e1mogat\u00e1s egyedi korm\u00e1nyd\u00f6nt\u00e9sen alapul. A project eredm\u00e9nyek\u00e9ppen a f\u00fart hot dog kateg\u00f3ri\u00e1ban&hellip;\" \/>\n<meta property=\"og:url\" content=\"https:\/\/hunfhd.hu\/en\/projekt-leiras\/\" \/>\n<meta property=\"og:site_name\" content=\"HUNFHD\" \/>\n<meta property=\"article:modified_time\" content=\"2021-08-10T06:52:22+00:00\" \/>\n<meta name=\"twitter:card\" content=\"summary_large_image\" \/>\n<meta name=\"twitter:label1\" content=\"Estimated reading time\" \/>\n\t<meta name=\"twitter:data1\" content=\"1 minute\" \/>\n<script type=\"application\/ld+json\" class=\"yoast-schema-graph\">{\"@context\":\"https:\\\/\\\/schema.org\",\"@graph\":[{\"@type\":\"WebPage\",\"@id\":\"https:\\\/\\\/hunfhd.hu\\\/projekt-leiras\\\/\",\"url\":\"https:\\\/\\\/hunfhd.hu\\\/projekt-leiras\\\/\",\"name\":\"Projekt le\u00edr\u00e1s - HUNFHD\",\"isPartOf\":{\"@id\":\"https:\\\/\\\/hunfhd.hu\\\/#website\"},\"datePublished\":\"2021-08-10T06:48:52+00:00\",\"dateModified\":\"2021-08-10T06:52:22+00:00\",\"breadcrumb\":{\"@id\":\"https:\\\/\\\/hunfhd.hu\\\/projekt-leiras\\\/#breadcrumb\"},\"inLanguage\":\"en-GB\",\"potentialAction\":[{\"@type\":\"ReadAction\",\"target\":[\"https:\\\/\\\/hunfhd.hu\\\/projekt-leiras\\\/\"]}]},{\"@type\":\"BreadcrumbList\",\"@id\":\"https:\\\/\\\/hunfhd.hu\\\/projekt-leiras\\\/#breadcrumb\",\"itemListElement\":[{\"@type\":\"ListItem\",\"position\":1,\"name\":\"Home\",\"item\":\"https:\\\/\\\/hunfhd.hu\\\/\"},{\"@type\":\"ListItem\",\"position\":2,\"name\":\"Projekt le\u00edr\u00e1s\"}]},{\"@type\":\"WebSite\",\"@id\":\"https:\\\/\\\/hunfhd.hu\\\/#website\",\"url\":\"https:\\\/\\\/hunfhd.hu\\\/\",\"name\":\"HUNFHD\",\"description\":\"Bakery\",\"publisher\":{\"@id\":\"https:\\\/\\\/hunfhd.hu\\\/#organization\"},\"potentialAction\":[{\"@type\":\"SearchAction\",\"target\":{\"@type\":\"EntryPoint\",\"urlTemplate\":\"https:\\\/\\\/hunfhd.hu\\\/?s={search_term_string}\"},\"query-input\":{\"@type\":\"PropertyValueSpecification\",\"valueRequired\":true,\"valueName\":\"search_term_string\"}}],\"inLanguage\":\"en-GB\"},{\"@type\":\"Organization\",\"@id\":\"https:\\\/\\\/hunfhd.hu\\\/#organization\",\"name\":\"HUNFHD\",\"url\":\"https:\\\/\\\/hunfhd.hu\\\/\",\"logo\":{\"@type\":\"ImageObject\",\"inLanguage\":\"en-GB\",\"@id\":\"https:\\\/\\\/hunfhd.hu\\\/#\\\/schema\\\/logo\\\/image\\\/\",\"url\":\"https:\\\/\\\/hunfhd.hu\\\/wp-content\\\/uploads\\\/2021\\\/06\\\/HUN_FHD_logo-2.png\",\"contentUrl\":\"https:\\\/\\\/hunfhd.hu\\\/wp-content\\\/uploads\\\/2021\\\/06\\\/HUN_FHD_logo-2.png\",\"width\":124,\"height\":124,\"caption\":\"HUNFHD\"},\"image\":{\"@id\":\"https:\\\/\\\/hunfhd.hu\\\/#\\\/schema\\\/logo\\\/image\\\/\"}}]}<\/script>\n<!-- \/ Yoast SEO plugin. -->","yoast_head_json":{"title":"Project description - HUNFHD","robots":{"index":"index","follow":"follow","max-snippet":"max-snippet:-1","max-image-preview":"max-image-preview:large","max-video-preview":"max-video-preview:-1"},"canonical":"https:\/\/hunfhd.hu\/en\/projekt-leiras\/","og_locale":"en_GB","og_type":"article","og_title":"Projekt le\u00edr\u00e1s - HUNFHD","og_description":"A projekt adatai: \u00a0a kedvezm\u00e9nyezett neve: HUNFHD Kft. a projekt t\u00e9m\u00e1ja: Hot dog f\u00far\u00f3 kapacit\u00e1s ki\u00e9p\u00edt\u00e9se a HUNFHD Kft.-n\u00e9l a szerz\u0151d\u00f6tt t\u00e1mogat\u00e1s \u00f6sszege: 932.000 EUR A projekt tartalm\u00e1nak bemutat\u00e1sa: A v\u00e1llalkoz\u00e1s hot dog f\u00far\u00f3 kapacit\u00e1s\u00e1nak ki\u00e9p\u00edt\u00e9s\u00e9t val\u00f3s\u00edtjuk meg korszer\u0171 eszk\u00f6z\u00f6k, berendez\u00e9sek beszerz\u00e9s\u00e9vel. A t\u00e1mogat\u00e1s egyedi korm\u00e1nyd\u00f6nt\u00e9sen alapul. A project eredm\u00e9nyek\u00e9ppen a f\u00fart hot dog kateg\u00f3ri\u00e1ban&hellip;","og_url":"https:\/\/hunfhd.hu\/en\/projekt-leiras\/","og_site_name":"HUNFHD","article_modified_time":"2021-08-10T06:52:22+00:00","twitter_card":"summary_large_image","twitter_misc":{"Estimated reading time":"1 minute"},"schema":{"@context":"https:\/\/schema.org","@graph":[{"@type":"WebPage","@id":"https:\/\/hunfhd.hu\/projekt-leiras\/","url":"https:\/\/hunfhd.hu\/projekt-leiras\/","name":"Project description - HUNFHD","isPartOf":{"@id":"https:\/\/hunfhd.hu\/#website"},"datePublished":"2021-08-10T06:48:52+00:00","dateModified":"2021-08-10T06:52:22+00:00","breadcrumb":{"@id":"https:\/\/hunfhd.hu\/projekt-leiras\/#breadcrumb"},"inLanguage":"en-GB","potentialAction":[{"@type":"ReadAction","target":["https:\/\/hunfhd.hu\/projekt-leiras\/"]}]},{"@type":"BreadcrumbList","@id":"https:\/\/hunfhd.hu\/projekt-leiras\/#breadcrumb","itemListElement":[{"@type":"ListItem","position":1,"name":"Home","item":"https:\/\/hunfhd.hu\/"},{"@type":"ListItem","position":2,"name":"Projekt le\u00edr\u00e1s"}]},{"@type":"WebSite","@id":"https:\/\/hunfhd.hu\/#website","url":"https:\/\/hunfhd.hu\/","name":"HUNFHD","description":"Bakery","publisher":{"@id":"https:\/\/hunfhd.hu\/#organization"},"potentialAction":[{"@type":"SearchAction","target":{"@type":"EntryPoint","urlTemplate":"https:\/\/hunfhd.hu\/?s={search_term_string}"},"query-input":{"@type":"PropertyValueSpecification","valueRequired":true,"valueName":"search_term_string"}}],"inLanguage":"en-GB"},{"@type":"Organization","@id":"https:\/\/hunfhd.hu\/#organization","name":"HUNFHD","url":"https:\/\/hunfhd.hu\/","logo":{"@type":"ImageObject","inLanguage":"en-GB","@id":"https:\/\/hunfhd.hu\/#\/schema\/logo\/image\/","url":"https:\/\/hunfhd.hu\/wp-content\/uploads\/2021\/06\/HUN_FHD_logo-2.png","contentUrl":"https:\/\/hunfhd.hu\/wp-content\/uploads\/2021\/06\/HUN_FHD_logo-2.png","width":124,"height":124,"caption":"HUNFHD"},"image":{"@id":"https:\/\/hunfhd.hu\/#\/schema\/logo\/image\/"}}]}},"_links":{"self":[{"href":"https:\/\/hunfhd.hu\/en\/wp-json\/wp\/v2\/pages\/2714","targetHints":{"allow":["GET"]}}],"collection":[{"href":"https:\/\/hunfhd.hu\/en\/wp-json\/wp\/v2\/pages"}],"about":[{"href":"https:\/\/hunfhd.hu\/en\/wp-json\/wp\/v2\/types\/page"}],"author":[{"embeddable":true,"href":"https:\/\/hunfhd.hu\/en\/wp-json\/wp\/v2\/users\/1"}],"replies":[{"embeddable":true,"href":"https:\/\/hunfhd.hu\/en\/wp-json\/wp\/v2\/comments?post=2714"}],"version-history":[{"count":2,"href":"https:\/\/hunfhd.hu\/en\/wp-json\/wp\/v2\/pages\/2714\/revisions"}],"predecessor-version":[{"id":2720,"href":"https:\/\/hunfhd.hu\/en\/wp-json\/wp\/v2\/pages\/2714\/revisions\/2720"}],"wp:attachment":[{"href":"https:\/\/hunfhd.hu\/en\/wp-json\/wp\/v2\/media?parent=2714"}],"curies":[{"name":"wp","href":"https:\/\/api.w.org\/{rel}","templated":true}]}}